{"id":15,"date":"2024-06-29T12:35:46","date_gmt":"2024-06-29T12:35:46","guid":{"rendered":"https:\/\/wb21.no\/?page_id=15"},"modified":"2024-07-01T07:45:53","modified_gmt":"2024-07-01T07:45:53","slug":"batprosjekt-wb21","status":"publish","type":"page","link":"https:\/\/wb21.no\/?page_id=15","title":{"rendered":"B\u00e5tprosjekt WB21"},"content":{"rendered":"<p>Nettsiden gj\u00f8r det mulig \u00e5 f\u00f8lge (og delta i) restaureringen av b\u00e5ten, og er ment for familie og venner.<\/p>\n","protected":false},"excerpt":{"rendered":"<p>Nettsiden gj\u00f8r det mulig \u00e5 f\u00f8lge (og delta i) restaureringen av b\u00e5ten, og er ment for familie og venner.<\/p>\n","protected":false},"author":1,"featured_media":0,"parent":0,"menu_order":0,"comment_status":"closed","ping_status":"closed","template":"","meta":{"footnotes":""},"class_list":["post-15","page","type-page","status-publish","hentry"],"_links":{"self":[{"href":"https:\/\/wb21.no\/index.php?rest_route=\/wp\/v2\/pages\/15","targetHints":{"allow":["GET"]}}],"collection":[{"href":"https:\/\/wb21.no\/index.php?rest_route=\/wp\/v2\/pages"}],"about":[{"href":"https:\/\/wb21.no\/index.php?rest_route=\/wp\/v2\/types\/page"}],"author":[{"embeddable":true,"href":"https:\/\/wb21.no\/index.php?rest_route=\/wp\/v2\/users\/1"}],"replies":[{"embeddable":true,"href":"https:\/\/wb21.no\/index.php?rest_route=%2Fwp%2Fv2%2Fcomments&post=15"}],"version-history":[{"count":5,"href":"https:\/\/wb21.no\/index.php?rest_route=\/wp\/v2\/pages\/15\/revisions"}],"predecessor-version":[{"id":55,"href":"https:\/\/wb21.no\/index.php?rest_route=\/wp\/v2\/pages\/15\/revisions\/55"}],"wp:attachment":[{"href":"https:\/\/wb21.no\/index.php?rest_route=%2Fwp%2Fv2%2Fmedia&parent=15"}],"curies":[{"name":"wp","href":"https:\/\/api.w.org\/{rel}","templated":true}]}}